{"id":138,"date":"2019-09-05T20:28:02","date_gmt":"2019-09-05T18:28:02","guid":{"rendered":"http:\/\/uginebtse.fr\/?page_id=138"},"modified":"2025-09-04T20:52:23","modified_gmt":"2025-09-04T18:52:23","slug":"divers","status":"publish","type":"page","link":"https:\/\/uginebtse.fr\/?page_id=138","title":{"rendered":"VIDEOS"},"content":{"rendered":"<p><a href=\"https:\/\/acgrenoblefr-my.sharepoint.com\/:v:\/g\/personal\/david_schenck_ac-grenoble_fr\/EUlGQ_iOdZ5Htf3blQ42yjwB-3QiSuhRM-Eb1Vou6EHAwQ?e=madty9\" target=\"_blank\" rel=\"noopener\"><span style=\"color: #0000ff;\">Maintenance Partners Rewinding and Balancing of 15MVA ELIN Generator Rotor in 8 weeks time<\/span><\/a><\/p>\n<p><a href=\"https:\/\/acgrenoblefr-my.sharepoint.com\/:v:\/g\/personal\/david_schenck_ac-grenoble_fr\/Edotd_rV17dIiV52HOn3Rn8BUh_TBRZcROOOsJ-_WSPoPg?e=GTAIeS\" target=\"_blank\" rel=\"noopener\"><span style=\"color: #0000ff;\">La centrale hydro\u00e9lectrique de Grand&rsquo;Maison<\/span><\/a><\/p>\n<p><a href=\"https:\/\/acgrenoblefr-my.sharepoint.com\/:v:\/g\/personal\/david_schenck_ac-grenoble_fr\/EbRTaR6WECVFvzzlluL6U9IBqIzl4UWtXuqr3nYsKTuVLw?e=RD3zoD\" target=\"_blank\" rel=\"noopener\"><span style=\"color: #0000ff;\">Le moteur de Tesla Model 3<\/span><\/a><\/p>\n<p><a href=\"https:\/\/acgrenoblefr-my.sharepoint.com\/:v:\/g\/personal\/david_schenck_ac-grenoble_fr\/EZJoY3CHtblHtv7w8DobctAB8E-eU1EMEeZCLCjocBkAug?e=b8gRFq\" target=\"_blank\" rel=\"noopener noreferrer\"><span style=\"color: #0000ff;\">Remplacement d&rsquo;une ligne \u00e0 tr\u00e8s haute tension.<\/span><\/a><\/p>\n<p><a href=\"https:\/\/acgrenoblefr-my.sharepoint.com\/:v:\/g\/personal\/david_schenck_ac-grenoble_fr\/EQ-5SCtIyolLh4-FvdN-QmMBMFzCU0PyUbTXjVlA3zdn5w?e=XdiWtv\" target=\"_blank\" rel=\"noopener noreferrer\"><span style=\"color: #0000ff;\">La boucle 4-20 mA.<\/span><\/a><\/p>\n<p><span style=\"color: #008000;\"><strong>La centrale de la Coche<\/strong>:<\/span><\/p>\n<ul>\n<li><a href=\"https:\/\/acgrenoblefr-my.sharepoint.com\/:v:\/g\/personal\/david_schenck_ac-grenoble_fr\/EYZtJilLFzZMjRKh2ezZDN4B3QWYCESzN838DTE2V2g4NQ?e=9rBSah\" target=\"_blank\" rel=\"noopener noreferrer\">La centrale de la coche 1.<\/a><\/li>\n<li><a href=\"https:\/\/acgrenoblefr-my.sharepoint.com\/:v:\/g\/personal\/david_schenck_ac-grenoble_fr\/EZIDBDGEQBlAk09qnh_5vNMBdsa72XX8bpdLWgDC1RY7Zg?e=4GOQUo\" target=\"_blank\" rel=\"noopener noreferrer\">La centrale de la coche 2.<\/a><\/li>\n<li><a href=\"https:\/\/acgrenoblefr-my.sharepoint.com\/:v:\/g\/personal\/david_schenck_ac-grenoble_fr\/ERZPSKDhk-ZKv8X5m8TQNGIBpVK91h7nx3CMtzzsrMqTLA?e=pcJcPl\" target=\"_blank\" rel=\"noopener noreferrer\">La centrale de la coche 3.<\/a><\/li>\n<\/ul>\n","protected":false},"excerpt":{"rendered":"<p>Maintenance Partners Rewinding and Balancing of 15MVA ELIN Generator Rotor in 8 weeks time La centrale hydro\u00e9lectrique de Grand&rsquo;Maison Le moteur de Tesla Model 3 Remplacement d&rsquo;une ligne \u00e0 tr\u00e8s haute tension. La boucle 4-20 mA. La centrale de la Coche: La centrale de la coche 1. La centrale de la coche 2. La centrale [&hellip;]<\/p>\n","protected":false},"author":1,"featured_media":0,"parent":0,"menu_order":0,"comment_status":"closed","ping_status":"closed","template":"","meta":{"footnotes":""},"class_list":["post-138","page","type-page","status-publish","hentry"],"aioseo_notices":[],"_links":{"self":[{"href":"https:\/\/uginebtse.fr\/index.php?rest_route=\/wp\/v2\/pages\/138","targetHints":{"allow":["GET"]}}],"collection":[{"href":"https:\/\/uginebtse.fr\/index.php?rest_route=\/wp\/v2\/pages"}],"about":[{"href":"https:\/\/uginebtse.fr\/index.php?rest_route=\/wp\/v2\/types\/page"}],"author":[{"embeddable":true,"href":"https:\/\/uginebtse.fr\/index.php?rest_route=\/wp\/v2\/users\/1"}],"replies":[{"embeddable":true,"href":"https:\/\/uginebtse.fr\/index.php?rest_route=%2Fwp%2Fv2%2Fcomments&post=138"}],"version-history":[{"count":0,"href":"https:\/\/uginebtse.fr\/index.php?rest_route=\/wp\/v2\/pages\/138\/revisions"}],"wp:attachment":[{"href":"https:\/\/uginebtse.fr\/index.php?rest_route=%2Fwp%2Fv2%2Fmedia&parent=138"}],"curies":[{"name":"wp","href":"https:\/\/api.w.org\/{rel}","templated":true}]}}